{"id":1191,"date":"2020-07-24T12:15:02","date_gmt":"2020-07-24T10:15:02","guid":{"rendered":"https:\/\/mekruphy.com\/de\/?page_id=1191"},"modified":"2023-04-04T15:00:15","modified_gmt":"2023-04-04T13:00:15","slug":"experimentiersatz-addestation-elektrik-5","status":"publish","type":"page","link":"https:\/\/mekruphy.com\/en\/products\/addestation\/experimentiersatz-addestation-elektrik-5\/","title":{"rendered":"Experiment set Electrics 5 ADDESTATION"},"content":{"rendered":"\n<div class=\"wp-block-advgb-adv-tabs advgb-tabs-wrapper advgb-tab-horz-desktop advgb-tab-vert-tablet advgb-tab-stack-mobile advgb-tabs-d5e6e686-7f22-47f0-91e6-447fe91710fb\" data-tab-active=\"0\"><ul class=\"advgb-tabs-panel\"><li class=\"advgb-tab\" style=\"background-color:#e0e0e0;border-style:solid;border-width:1px;border-radius:10px\"><a id=\"\" href=\"#advgb-tabs-tab0\" style=\"color:#fff\"><span>Description<\/span><\/a><\/li><li class=\"advgb-tab\" style=\"background-color:#e0e0e0;border-style:solid;border-width:1px;border-radius:10px\"><a id=\"\" href=\"#advgb-tabs-tab1\" style=\"color:#fff\"><span>Contents<\/span><\/a><\/li><li class=\"advgb-tab\" style=\"background-color:#e0e0e0;border-style:solid;border-width:1px;border-radius:10px\"><a id=\"\" href=\"#advgb-tabs-tab2\" style=\"color:#fff\"><span>Experiments<\/span><\/a><\/li><li class=\"advgb-tab\" style=\"background-color:#e0e0e0;border-style:solid;border-width:1px;border-radius:10px\"><a id=\"\" href=\"#advgb-tabs-tab3\" style=\"color:#fff\"><span>Images<\/span><\/a><\/li><\/ul><div class=\"advgb-tab-body-wrapper\" style=\"border-style:solid;border-width:1px;border-radius:10px\">\n<div class=\"wp-block-advgb-tab advgb-tab-body-container\"><div class=\"advgb-tab-body-header advgb-tab-class-\">Description<\/div><div class=\"advgb-tab-_15bc9f-0c advgb-tab-body\" aria-labelledby=\"advgb-tabs-tab0\">\n<h2 class=\"wp-block-heading\"><strong><strong>Data logging and sensor<\/strong><\/strong>s<\/h2>\n\n\n\n<p>For demonstrative experiments on electromagnetic induction, transformer processes, rectification of AC voltage or the switch-on procedure for a coil, you need a dual-channel oscilloscope. That is the only way that opposing phases for primary and induced voltages can be displayed convincingly. Until now, though, it has not been possible to provide enough sets containing such equipment for all the students in a class simply for reasons of cost.<\/p>\n\n\n\n<p>However the oscilloscope for the ELECTRICITY 5 <em>ADDESTATION<\/em> set is generated by the MGA software and can display up to four different parameters simultaneously. This is particularly helpful for half-wave and full-wave rectification, but also for transformers, since the relevant curves and phase shifts can be investigated highly accurately with colour coding. In addition, measurements can also be displayed in digital form or in a vector diagram. The digital method is especially good for deriving Ohm\u2019s law. The measurements can automatically be transferred to a table or plotted in a graph. By touching the relevant function buttons, you can see not only a graph but also the equation for the resulting straight line.<\/p>\n\n\n\n<h3 class=\"wp-block-heading\">Visualisation of readings<\/h3>\n\n\n\n<p>Die Messwerte sind auch digital oder im Zeigerdiagramm darstellbar. Die digitale Methode eignet sich besonders f\u00fcr die Erarbeitung des Ohmschen Gesetzes. Hier k\u00f6nnen die Messwerte automatisch in eine Tabelle sowie in ein Koordinatensystem \u00fcbertragen werden. Durch Antippen der betreffenden Funktionsfelder erscheinen dann sowohl Graph wie auch Gleichung der zugeh\u00f6rigen Gerade.<\/p>\n<\/div><\/div>\n\n\n\n<div class=\"wp-block-advgb-tab advgb-tab-body-container\"><div class=\"advgb-tab-body-header advgb-tab-class-\">Contents<\/div><div class=\"advgb-tab-_1c41ce-92 advgb-tab-body\" aria-labelledby=\"advgb-tabs-tab1\">\n<p>01.01.10 Storage case <\/p>\n\n\n\n<p>14.02.50 Inlay with cut-outs for E5 <\/p>\n\n\n\n<p>14.03.50 Base plate E5 <\/p>\n\n\n\n<p>08.05.00 Coupling E7 (2 pieces) <\/p>\n\n\n\n<p>14.05.50 Switching element <\/p>\n\n\n\n<p>23.05.00 Sensor connection cable (2 pieces) <\/p>\n\n\n\n<p>14.06.50 Bulb element E5 <\/p>\n\n\n\n<p>23.06.00 Current sensor <\/p>\n\n\n\n<p>08.07.50 Switch element <\/p>\n\n\n\n<p>23.07.00 Voltage sensor (2 pieces) <\/p>\n\n\n\n<p>08.08.50 Potentiometer element <\/p>\n\n\n\n<p>14.08.00 End plate E5 (2 pieces) <\/p>\n\n\n\n<p>16.08.00 Acrylic glass tube with scale A1 <\/p>\n\n\n\n<p>06.09.00 Round rod magnet AlNiCo (2 pieces) <\/p>\n\n\n\n<p>14.09.50 Transistor element E5 <\/p>\n\n\n\n<p>03.10.01 Screw spring 10 N\/m <\/p>\n\n\n\n<p>14.10.00 Test tube with hook <\/p>\n\n\n\n<p>14.11.50 Resistance element R1 <\/p>\n\n\n\n<p>14.12.50 Resistance element R2 <\/p>\n\n\n\n<p>14.13.50 Resistance element R3 <\/p>\n\n\n\n<p>14.14.50 Resistance element R4 <\/p>\n\n\n\n<p>08.16.30 Si-diode element <\/p>\n\n\n\n<p>14.16.30 Capacitor element 4.7 \u03bcF <\/p>\n\n\n\n<p>14.16.50 Capacitor element 10 \u03bcF <\/p>\n\n\n\n<p>14.16.70 Capacitor element 47 \u03bcF <\/p>\n\n\n\n<p>07.17.00 Coil with 300\/600 turns <\/p>\n\n\n\n<p>08.18.00 Experiment cable 8.5 cm (2 pieces) <\/p>\n\n\n\n<p>08.19.00 Experiment cable 17 cm (2 pieces) <\/p>\n\n\n\n<p>08.20 00 Experiment cable 34 cm blue (2 pieces) <\/p>\n\n\n\n<p>14.22.00 Adjusting plate <\/p>\n\n\n\n<p>14.23.50 Bridge rectifier circuit element <\/p>\n\n\n\n<p>06.24.20 Experiment cable 25 cm blue (3 pieces) <\/p>\n\n\n\n<p>08.24.50 Resistance element 1 k\u03a9 <\/p>\n\n\n\n<p>08.26.50 Resistance element 10 k\u03a9 <\/p>\n\n\n\n<p>14.24.50 Resistance element 22 k\u03a9 <\/p>\n\n\n\n<p>08.27.00 Shorting link (4 pieces) <\/p>\n\n\n\n<p><\/p>\n\n\n\n<h3 class=\"wp-block-heading\">Additionally required: <\/h3>\n\n\n\n<p>00.10.00 MGA <\/p>\n\n\n\n<p>00.05.10 Low voltage power supply MKS 2.4<\/p>\n\n\n\n<p><\/p>\n\n\n\n<p>For experiments E5-7, E5-8, and E5-16:<\/p>\n\n\n\n<p>07.00.00 Experiment set ELECTRICS 2<\/p>\n<\/div><\/div>\n\n\n\n<div class=\"wp-block-advgb-tab advgb-tab-body-container\"><div class=\"advgb-tab-body-header advgb-tab-class-\">Experiments<\/div><div class=\"advgb-tab-_55290b-83 advgb-tab-body\" aria-labelledby=\"advgb-tabs-tab2\">\n<p>E5-1:&nbsp;&nbsp; <em>V-I<\/em> characteristic for an incandescent bulb.<\/p>\n\n\n\n<p>E5-2:&nbsp;&nbsp; Ohm\u2019s law<\/p>\n\n\n\n<p>E5-3:&nbsp;&nbsp; Determining resistance values<\/p>\n\n\n\n<p>E5-4:&nbsp;&nbsp; Internal resistance of a battery<\/p>\n\n\n\n<p>E5-5:&nbsp;&nbsp; Electromagnetic induction<\/p>\n\n\n\n<p>E5-6:&nbsp;&nbsp; Induction pendulums<\/p>\n\n\n\n<p>E5-7:\u00a0\u00a0 AC generators <\/p>\n\n\n\n<p>E5-8:\u00a0\u00a0 Transformers<\/p>\n\n\n\n<p>E5-9:&nbsp;&nbsp; Half-wave rectification<\/p>\n\n\n\n<p>E5-10: Full-wave rectification<\/p>\n\n\n\n<p>E5-11: Charging and discharging of a capacitor<\/p>\n\n\n\n<p>E5-12: Smoothing<\/p>\n\n\n\n<p>E5-13: Capacitive resistance<\/p>\n\n\n\n<p>E5-14: Inductive resistance<\/p>\n\n\n\n<p>E5-15: Resonant circuit 1 <\/p>\n\n\n\n<p>E5-16: Resonant circuit 2<\/p>\n\n\n\n<p><\/p>\n<\/div><\/div>\n\n\n\n<div class=\"wp-block-advgb-tab advgb-tab-body-container\"><div class=\"advgb-tab-body-header advgb-tab-class-\">Imagesr<\/div><div class=\"advgb-tab-_3d396b-f9 advgb-tab-body\" aria-labelledby=\"advgb-tabs-tab3\">\n<div class=\"wp-block-essential-blocks-image-gallery\"><div class=\"eb-parent-wrapper eb-parent-eb-image-gallery-tf9cyn4 \"><div class=\"eb-gallery-img-wrapper eb-image-gallery-tf9cyn4 grid overlay-bottom caption-style-0  \" data-id=\"eb-image-gallery-tf9cyn4\"><a href=\"https:\/\/mekruphy.com\/en\/wp-content\/uploads\/2023\/03\/E5_2.png\" id=\"eb-gallery-img-content\" data-fslightbox=\"gallery\" data-type=\"image\" class=\"eb-gallery-img-content eb-filter-img-\"><span class=\"eb-gallery-link-wrapper\"><img decoding=\"async\" class=\"eb-gallery-img\" src=\"https:\/\/mekruphy.com\/en\/wp-content\/uploads\/2023\/03\/E5_2.png\" image-index=\"0\"\/><\/span><\/a><a href=\"https:\/\/mekruphy.com\/en\/wp-content\/uploads\/2023\/03\/E5_3.png\" id=\"eb-gallery-img-content\" data-fslightbox=\"gallery\" data-type=\"image\" class=\"eb-gallery-img-content eb-filter-img-\"><span class=\"eb-gallery-link-wrapper\"><img decoding=\"async\" class=\"eb-gallery-img\" src=\"https:\/\/mekruphy.com\/en\/wp-content\/uploads\/2023\/03\/E5_3.png\" image-index=\"1\"\/><\/span><\/a><\/div><\/div><\/div>\n<\/div><\/div>\n<\/div><\/div>\n<style class=\"advgb-styles-renderer\">.advgb-tabs-d5e6e686-7f22-47f0-91e6-447fe91710fb ul.advgb-tabs-panel li.advgb-tab.advgb-tab-active {background-color:#5954d6 !important;color:#fff !important;}#advgb-tabs-d5e6e686-7f22-47f0-91e6-447fe91710fb .advgb-tab-body-header.header-active, .advgb-tabs-d5e6e686-7f22-47f0-91e6-447fe91710fb .advgb-tab-body-header.header-active{background-color:#5954d6 !important;color:#fff !important;}<\/style>","protected":false},"excerpt":{"rendered":"","protected":false},"author":1,"featured_media":1768,"parent":620,"menu_order":0,"comment_status":"closed","ping_status":"closed","template":"templates\/product.php","meta":{"_acf_changed":false,"_coblocks_attr":"","_coblocks_dimensions":"","_coblocks_responsive_height":"","_coblocks_accordion_ie_support":"","_eb_attr":"","advgb_blocks_editor_width":"","advgb_blocks_columns_visual_guide":"","footnotes":""},"class_list":["post-1191","page","type-page","status-publish","has-post-thumbnail","hentry"],"acf":[],"coauthors":[],"author_meta":{"author_link":"https:\/\/mekruphy.com\/en\/author\/mwbsca\/","display_name":"mwbscA"},"relative_dates":{"created":"Posted 6 years ago","modified":"Updated 3 years ago"},"absolute_dates":{"created":"Posted on 24 July 2020","modified":"Updated on 4 April 2023"},"absolute_dates_time":{"created":"Posted on 24 July 2020 12:15","modified":"Updated on 4 April 2023 15:00"},"featured_img_caption":"","featured_img":"https:\/\/mekruphy.com\/en\/wp-content\/uploads\/2020\/07\/Kasten-Physik-ELEKTRIK-5.jpg","series_order":"","_links":{"self":[{"href":"https:\/\/mekruphy.com\/en\/wp-json\/wp\/v2\/pages\/1191","targetHints":{"allow":["GET"]}}],"collection":[{"href":"https:\/\/mekruphy.com\/en\/wp-json\/wp\/v2\/pages"}],"about":[{"href":"https:\/\/mekruphy.com\/en\/wp-json\/wp\/v2\/types\/page"}],"author":[{"embeddable":true,"href":"https:\/\/mekruphy.com\/en\/wp-json\/wp\/v2\/users\/1"}],"replies":[{"embeddable":true,"href":"https:\/\/mekruphy.com\/en\/wp-json\/wp\/v2\/comments?post=1191"}],"version-history":[{"count":7,"href":"https:\/\/mekruphy.com\/en\/wp-json\/wp\/v2\/pages\/1191\/revisions"}],"predecessor-version":[{"id":4102,"href":"https:\/\/mekruphy.com\/en\/wp-json\/wp\/v2\/pages\/1191\/revisions\/4102"}],"up":[{"embeddable":true,"href":"https:\/\/mekruphy.com\/en\/wp-json\/wp\/v2\/pages\/620"}],"wp:featuredmedia":[{"embeddable":true,"href":"https:\/\/mekruphy.com\/en\/wp-json\/wp\/v2\/media\/1768"}],"wp:attachment":[{"href":"https:\/\/mekruphy.com\/en\/wp-json\/wp\/v2\/media?parent=1191"}],"curies":[{"name":"wp","href":"https:\/\/api.w.org\/{rel}","templated":true}]}}