{"id":668,"date":"2020-07-20T17:30:17","date_gmt":"2020-07-20T15:30:17","guid":{"rendered":"https:\/\/mekruphy.com\/de\/?page_id=668"},"modified":"2023-04-04T10:10:03","modified_gmt":"2023-04-04T08:10:03","slug":"references","status":"publish","type":"page","link":"https:\/\/mekruphy.com\/en\/company\/references\/","title":{"rendered":"References"},"content":{"rendered":"\n<p>Here you can read what <a href=\"https:\/\/mekruphy.com\/de\/unternehmen\/\">MEKRUPHY<\/a> customers say about our exeripment sets:<\/p>\n\n\n\n<div style=\"height:20px\" aria-hidden=\"true\" class=\"wp-block-spacer\"><\/div>\n\n\n\n<h2 class=\"wp-block-heading\">Customer voices: Experiment sets <em>Physics<\/em><\/h2>\n\n\n\n<blockquote class=\"wp-block-quote is-layout-flow wp-block-quote-is-layout-flow advgb-dyn-e2127359\">\n<p><strong>\u201c<\/strong> The backbone of the lessons are the student experiment apparatus by MEKRUPHY, which serve all topics up to the senior classes. With this excellent equipment, the Physics department organises mandatory lessons that guarantee the best usage of the student experiment sets. We have all apparatus in sets of 12 which make study groups of 2 or 3 students possible.<\/p>\n<cite>Dr. Stefan Hoppenau, Gymnasium Buckhorn, 22367 Hamburg<\/cite><\/blockquote>\n\n\n\n<blockquote class=\"wp-block-quote is-layout-flow wp-block-quote-is-layout-flow advgb-dyn-cba1846f\">\n<p><strong>\u201c<\/strong> Even our students who until now nearly caused me to suffer a nervous breakdown while experimenting suddenly produce usable measurement result that oddly enough coincide with physics. Thus one sadly has to dispel the old adage that goes &#8220;If it doesn&#8217;t work, it&#8217;s physics&#8221;. Until next time!<\/p>\n<cite>Torsten Retschlag, Ernst Schering Oberschule, 13187 Berlin<\/cite><\/blockquote>\n\n\n\n<blockquote class=\"wp-block-quote is-layout-flow wp-block-quote-is-layout-flow advgb-dyn-9456dfa9\">\n<p><strong>\u201c<\/strong> \u2026students and teachers are excited, the Physics lessons got a new impulse. Clarity, order and limitation to the most important apparatus as well as their well thought out  combination make them practical and ensure success.<\/p>\n<cite>Wolfgang Donath, Deutsche Schule Bogota, Kolumbien<\/cite><\/blockquote>\n\n\n\n<blockquote class=\"wp-block-quote is-layout-flow wp-block-quote-is-layout-flow advgb-dyn-65f79e33\">\n<p><strong>\u201c<\/strong> Your sets are great. It is fun to work with them. Obviously also the students are more motivated when they can carry out experiments. Our senior class was able to determine <em>h<\/em> with more than 99% accuracy with your set for the determination of Planck&#8217;s constant. Everyone was very impressed by that.<\/p>\n<cite>Walter Wittrodt, Deutsche Schule Pretoria, S\u00fcdafrika<\/cite><\/blockquote>\n\n\n\n<blockquote class=\"wp-block-quote is-layout-flow wp-block-quote-is-layout-flow advgb-dyn-f10e173d\">\n<p><strong>\u201c<\/strong> First, we want to tell you how the foundation of the fan club came about: At the beginning of this year we got the Mekruphy Mechanics 2 booklet from our current president Mr M. Kahle. Right from the start we showed great interest in the experiments described in the MEKRUPHY booklet &#8211; it was actually great fun. You won&#8217;t believe us, our booklet brought us more and more joy and thus the lessons became much more interesting. Hence we got the idea to found the 1st MEKRUPHY fan club. We started out with five members and our president, Mr M. Kahle. Our fan club became more and more popular and we now have already 13 members. As you can see, our fan club gains recognition and attention.<\/p>\n<cite>1.Mekruphy Fanclub vom St. Anna-Gymnasium, St. Anna-Stra\u00dfe 20, 80538 M\u00fcnchen<\/cite><\/blockquote>\n\n\n\n<p><\/p>\n\n\n\n<p>Here you can find further information on our <a href=\"https:\/\/mekruphy.com\/de\/produkte\/physik\/\">experiment sets for Physics&#8230;<\/a><\/p>\n\n\n\n<div style=\"height:40px\" aria-hidden=\"true\" class=\"wp-block-spacer\"><\/div>\n\n\n\n<h2 class=\"wp-block-heading\">Customer voices: Experiment sets <em>Chemistry<\/em><\/h2>\n\n\n\n<blockquote class=\"wp-block-quote is-layout-flow wp-block-quote-is-layout-flow advgb-dyn-2deeb1cb\">\n<p><strong>\u201c<\/strong> The usual question I am asked every morning: \u201cAre we going to do an experiment again today?\u201d clearly shows me that the students love nothing better than to work on their own \u2013 which addresses their need to be active. And now that we have the boxes, it also means only minimal effort for me, because they\u2019ve got nearly everything in them that we need throughout the school year. These materials give us plenty of options, and they do so completely independently of any textbook.<br>Now that the chemistry\/biology\/physics group of disciplines plans to commence natural science studies from the 5th year of primary school, procurement of these materials has proven even more valuable than ever, because students gain the corresponding knowledge and skills by conducting experiments on their own. For that same reason, I also intend to order the electrochemistry boxes.<\/p>\n<cite>Madeleine Busch, Grafen-von-Zimmern-Realschule, 88605 Messkirch<\/cite><\/blockquote>\n\n\n\n<blockquote class=\"wp-block-quote is-layout-flow wp-block-quote-is-layout-flow advgb-dyn-5c0c470b\">\n<p><strong>\u201c<\/strong> In the summer of 2008, a representative of Mekruphy GmbH visited us. First off, the products presented were really impressive and of very good quality, and secondly, the representative also gave us some very interesting advice. He said we should write to the \u201cFonds der Chemischen Industrie\u201d (Chemical Industry Fund) and request financial support. Much to our surprise, the application for support turned out to be very easy, and we were granted EUR 1,500. We would like to take this opportunity to express our sincere gratitude once again. With the funding, we ordered 8 Mekruphy chemistry exercise boxes, which are perfectly suited for conducting chemistry tests in small groups of students. That\u2019s how we arrived at a complete set of new exercise boxes and a company contact that will be maintained in future, I\u2019m sure. Moreover, we learned that the funding can be granted again in two years. For a secondary school with a very small budget otherwise, it\u2019s a welcome means to enhance those resources. It enables us to bring part of our 36-year-old collection of materials up to current standards. We will be glad to introduce the boxes to any colleagues who would like to work with them.<br>Here\u2019s hoping you have lots of fun with your experiments!<\/p>\n<cite>J\u00fcrgen Steinborn Peter Eisenberg Hauptschule Miesbach 83714 Miesbach<\/cite><\/blockquote>\n\n\n\n<blockquote class=\"wp-block-quote is-layout-flow wp-block-quote-is-layout-flow advgb-dyn-f2e56e6d\">\n<p><strong>\u201c<\/strong> Thank you very much for the two workbooks. They are wonderful. Finally, some really well prepared material.<\/p>\n<cite>Mag. Andrea Pfeifer Musikgymnasium A-1070 Wien<\/cite><\/blockquote>\n\n\n\n<blockquote class=\"wp-block-quote is-layout-flow wp-block-quote-is-layout-flow advgb-dyn-76d386ba\">\n<p><strong>\u201c<\/strong> The students are always very enthusiastic about the experiment boxes and look forward to every time they get to work with them. Teachers can check very quickly to see that everything has also been put away again and that nothing is missing, so the next teacher can get started with their students right away. \u2026 We\u2019re really very pleased now that we went ahead and obtained your student experiment boxes, and we recommend them very highly. If other schools would like us to host guided tours, give presentations or answer questions for them, please feel free to contact us.<\/p>\n<cite>Andrea Zurawski Staatliche Realschule 91315 H\u00f6chstadt a.d.Aisch<\/cite><\/blockquote>\n\n\n\n<blockquote class=\"wp-block-quote is-layout-flow wp-block-quote-is-layout-flow advgb-dyn-996b6697\">\n<p><strong>\u201c<\/strong> From personal experience, I have been familiar with the MEKRUPHY experiment boxes for many years now. They are exceptionally well suited for simple and rapid use in chemistry class. I have yet to see a comparable system that keeps all of the required materials at the ready in an extremely compact space.<\/p>\n<cite>Gisela Bichlmaier Staatliche Realschule 85290 Geisenfeld<\/cite><\/blockquote>\n\n\n\n<blockquote class=\"wp-block-quote is-layout-flow wp-block-quote-is-layout-flow advgb-dyn-7d917a6b\">\n<p><strong>\u201c<\/strong> For the past year I have been working with the MEKRUPHY boxes (chemistry) in biology instruction at the orientation level and in the Wald AG \/ Wasser AG natural sciences consortium at the orientation level. I have only thoroughly positive experience to report.<br>The boxes contain a clearly arranged set of all of the work instruments required for the introductory instruction of experiments. Even after just a short introduction, young students become familiar with the equipment and can use the scientific method \u2013 the experiment \u2013 to test their problem solution hypotheses on their own within the context of a research-based development training course. With fascinating speed, students discover the possibilities that the equipment offers.<br>Moreover, the use of the boxes in the classroom has reduced my preparation time considerably (planning of possibly required equipment, provision of the equipment,\u2026), because the students now have access to the basic equipment at all times, even during unplanned phases of experimentation.<\/p>\n<cite>Ute Buchbinder St\u00e4dtisches Gymnasium 59192 Bergkamen<\/cite><\/blockquote>\n\n\n\n<blockquote class=\"wp-block-quote is-layout-flow wp-block-quote-is-layout-flow advgb-dyn-c94738bb\">\n<p><strong>\u201c<\/strong> With growing enthusiasm and visible success, I have been working with MEKRUPHY\u2019s chemistry boxes for more than two years now. Student experiments \u2013 even small ones \u2013 during classroom instruction used to mean a lot of extra time (before and after class) and even more stress for me. With these experimentation kits, I can even react to spontaneous ideas from the students now and let them look for experimental solutions with a large degree of autonomy. The students\u2019 interest in chemistry has clearly increased as a result, and their performance has significantly improved.<br>Procurement of these materials is a must for every six-level intermediate school with a math-and-science section. They\u2019re an enrichment for the students and a great help for the teacher.<\/p>\n<cite>Dorothea Niehoff-Mutzel Staatl. Realschule f\u00fcr Knaben 87425 Kempten<\/cite><\/blockquote>\n\n\n\n<blockquote class=\"wp-block-quote is-layout-flow wp-block-quote-is-layout-flow advgb-dyn-baffb31e\">\n<p><strong>\u201c<\/strong> Your chemistry kits have passed a spectacular \u201cendurance test\u201d with flying colours. While one of them was being removed from the cabinet, the rubber feet caused a shelf to be pulled out and then all of the remaining boxes fell down onto the shelf below with a horrific crash. I expected to see considerable damage, but everything was fine. Thanks to the high-quality glass material, not a single component broke \u2013 the only thing that suffered was my nerves.<\/p>\n<cite>Peter Heinzerling Albert-Einstein-Gymnasium 30880 Laatzen<\/cite><\/blockquote>\n\n\n\n<p><\/p>\n\n\n\n<p>Here you can find further information on our <a href=\"https:\/\/mekruphy.com\/de\/produkte\/chemie\/\">experiment sets for Chemistry&#8230;<\/a><\/p>\n\n\n\n<div style=\"height:40px\" aria-hidden=\"true\" class=\"wp-block-spacer\"><\/div>\n\n\n\n<h2 class=\"wp-block-heading\" id=\"block-79e54f4c-5d45-4ccf-b922-cafe008495f4\">Customer voices: Experiment sets <em>Primary School<\/em><\/h2>\n\n\n\n<blockquote class=\"wp-block-quote is-layout-flow wp-block-quote-is-layout-flow advgb-dyn-e2c3d029\">\n<p><strong>\u201c<\/strong> The Josef-Volksschule in W\u00fcrzburg is equipped with fourteen \u201cPRIMARY SCHOOL 2\u201d experiment sets from the MEKRUPHY range. Our children really like working with these sets. The kids work effectively and have a lot of fun with them. The children learn more due to the fact that they can do the experiments right there in the classroom with their partners. This means they not only gain practical knowledge but by talking to each other the children also learn how to express themselves, which is especially good for many children from foreign backgrounds. We are hoping to be able to order fourteen \u201cPRIMARY SCHOOL 1\u201d experiment sets next.<\/p>\n<cite>Ute Kempf, Rektorin, Josef-Volksschule, W\u00fcrzburg<\/cite><\/blockquote>\n\n\n\n<blockquote class=\"wp-block-quote is-layout-flow wp-block-quote-is-layout-flow advgb-dyn-5a109c24\">\n<p><strong>\u201c<\/strong> I work with the GS 3 set and have had very good experiences with it. I use the set in primary schools and for events on the subject of \u201crenewable energy\u201d. Primary school teachers are very enthusiastic about it and I know some have ordered sets from you after doing projects with me.<\/p>\n<cite>Sabine Finger, SF report, Ro\u00dfdorf<\/cite><\/blockquote>\n\n\n\n<blockquote class=\"wp-block-quote is-layout-flow wp-block-quote-is-layout-flow advgb-dyn-c3ce95d0\">\n<p><strong>\u201c<\/strong> The children were delighted to work on their own and pick up their own scientific experience.<\/p>\n<cite>Nicole Rees, Volksschule der Franziskanerinnen, Salzburg (\u00d6sterreich)<\/cite><\/blockquote>\n\n\n\n<blockquote class=\"wp-block-quote is-layout-flow wp-block-quote-is-layout-flow advgb-dyn-4da8c552\">\n<p><strong>\u201c<\/strong> The importance of leaning by discovery is unquestionable. In primary schools, though, this usually involves a lot of preparatory work. The materials need to be \u201cchildproof\u201d and the results need to be foolproof. There also needs to be a suitable amount of materials to go round. The Mekruphy experiment sets offer a solution to this. Especially when the class is quite heterogenous in nature or has a lot of children from immigrant backgrounds, everybody benefits from having materials which offer lots of challenges, hands-on potential and surprise.<br>Ideally every pair of children has a case \u201cof their own\u201d, for which they are personally responsible and they can find out about its possibilities and secrets step by step. This also opens the door to helping especially gifted children. The materials can provide tangible success for anyone, though, at any end of the learning spectrum.<\/p>\n<cite>Helene Haas, Schulleiterin, Joseph-Maria-Lutz Schule, Pfaffenhofen a. d. Ilm<\/cite><\/blockquote>\n\n\n\n<blockquote class=\"wp-block-quote is-layout-flow wp-block-quote-is-layout-flow advgb-dyn-3c324e5b\">\n<p><strong>\u201c<\/strong> The nature of the cases is that they provide lots of motivation for children to experiment . They are laid out in a way that is easy to understand and the experiments are easy to perform.<\/p>\n<cite>Gabriele Schubert, Grundschule Horner Heerstra\u00dfe, Bremen<\/cite><\/blockquote>\n\n\n\n<p>Here you can find further information on our <a href=\"https:\/\/mekruphy.com\/de\/produkte\/grundschule\/\">experiment sets for Primary School&#8230;<\/a><\/p>\n\n\n\n<div style=\"height:40px\" aria-hidden=\"true\" class=\"wp-block-spacer\"><\/div>\n\n\n\n<h2 class=\"wp-block-heading\">Customer voices: Experiment sets <em>Kindergarten<\/em><\/h2>\n\n\n\n<blockquote class=\"wp-block-quote is-layout-flow wp-block-quote-is-layout-flow advgb-dyn-2612f349\">\n<p><strong>\u201c<\/strong> \u2026 I particularly enjoyed the comprehensive explanation surrounding the background of each experiment. This makes one feel well-prepared and able to address all of the children&#8217;s questions. To promote the children&#8217;s sense of orderliness, it would be advisable to have a picture of the instrument in its corresponding place. This way, the children can independently tidy up their experimental instruments.* Initially, I tested the &#8220;Magnetism&#8221; experiment kit with the preschool children. From the start, all the children were quickly enthusiastic about the experiment and showed great interest in magnetism. They asked many questions and would have liked to carry out further experiments that day. In summary, I can recommend the &#8220;Magnetism&#8221; experiment kit because it offers a wide variety of experiments, allowing one to specifically promote and support children&#8217;s curiosity and desire to explore. I am fully impressed by the &#8220;Plants&#8221; experiment kit because it is in line with our nature concept and playfully sparks children&#8217;s interest in this important area of &#8220;nature.&#8221; With the accompanying booklet for Kindergarten 4, it is possible to provide the children with a slow introduction, adjusting the difficulty levels from experiment to experiment. The age group for this experiment kit is diverse, making it useful for younger children as well. The magnifying glasses, in particular, were definitely a highlight for our children, as it was not only extremely fascinating for them to explore a world that is normally hidden from their eyes, but they were also very proud to work with these beautiful instruments. Overall, it can be said that this suitcase is definitely worth it and makes children&#8217;s eyes shine.<\/p>\n<cite>Eva Maria Pitsch,Hipp Naturkinderhaus, 85276 Pfaffenhofen<\/cite><\/blockquote>\n\n\n\n<p> <em>    * Der Vorschlag wurde inzwischen realisiert<\/em><\/p>\n\n\n\n<blockquote class=\"wp-block-quote is-layout-flow wp-block-quote-is-layout-flow advgb-dyn-f336f94c\">\n<p><strong>\u201c<\/strong> \u2026 Conclusion of the educators: The kits impressed with a great selection, robust materials, and a good size that fits in any shelf. The educators also liked that the materials are available in multiple copies, so that all research teams can experiment at the same time. The instruction booklets are formulated in a way that even beginners can work with them well. Thanks to simple implementation plans, even younger children are able to carry out their first experiments. And even the cleanup is easy, as the kits are clearly structured and the right place for each part is easy to find. Of course, what convinced everyone in the end was the enthusiasm with which the children were engaged.<\/p>\n<cite>Petra Priggemeyer: Bericht \u00fcber das Experimentieren in der Kindertagesst\u00e4tte St. Joseph in K\u00f6ln Dellbr\u00fcck mit dem Experimentierkasten Magnetismus. In: Kinderzeit, F\u00fcr Kita und Grundschule, November 2016<\/cite><\/blockquote>\n\n\n\n<p>Here you can find further information on our <a href=\"https:\/\/mekruphy.com\/de\/produkte\/kindergarten\/\">experiment sets for Kindergarten &#8230;<\/a><\/p>\n","protected":false},"excerpt":{"rendered":"<p>Here you can read what MEKRUPHY customers say about our exeripment sets: Customer voices: Experiment sets Physics \u201c The backbone of the lessons are the student experiment apparatus by MEKRUPHY, which serve all topics up to the senior classes. With this excellent equipment, the Physics department organises mandatory lessons that guarantee the best usage of [&hellip;]<\/p>\n","protected":false},"author":1,"featured_media":697,"parent":81,"menu_order":0,"comment_status":"closed","ping_status":"closed","template":"templates\/50-50-background.php","meta":{"_acf_changed":false,"_coblocks_attr":"","_coblocks_dimensions":"","_coblocks_responsive_height":"","_coblocks_accordion_ie_support":"","_eb_attr":"","advgb_blocks_editor_width":"","advgb_blocks_columns_visual_guide":"","footnotes":""},"class_list":["post-668","page","type-page","status-publish","has-post-thumbnail","hentry"],"acf":[],"coauthors":[],"author_meta":{"author_link":"https:\/\/mekruphy.com\/en\/author\/mwbsca\/","display_name":"mwbscA"},"relative_dates":{"created":"Posted 6 years ago","modified":"Updated 3 years ago"},"absolute_dates":{"created":"Posted on 20 July 2020","modified":"Updated on 4 April 2023"},"absolute_dates_time":{"created":"Posted on 20 July 2020 17:30","modified":"Updated on 4 April 2023 10:10"},"featured_img_caption":"","featured_img":"https:\/\/mekruphy.com\/en\/wp-content\/uploads\/2020\/07\/rating-4431148-scaled.jpg","series_order":"","_links":{"self":[{"href":"https:\/\/mekruphy.com\/en\/wp-json\/wp\/v2\/pages\/668","targetHints":{"allow":["GET"]}}],"collection":[{"href":"https:\/\/mekruphy.com\/en\/wp-json\/wp\/v2\/pages"}],"about":[{"href":"https:\/\/mekruphy.com\/en\/wp-json\/wp\/v2\/types\/page"}],"author":[{"embeddable":true,"href":"https:\/\/mekruphy.com\/en\/wp-json\/wp\/v2\/users\/1"}],"replies":[{"embeddable":true,"href":"https:\/\/mekruphy.com\/en\/wp-json\/wp\/v2\/comments?post=668"}],"version-history":[{"count":18,"href":"https:\/\/mekruphy.com\/en\/wp-json\/wp\/v2\/pages\/668\/revisions"}],"predecessor-version":[{"id":3589,"href":"https:\/\/mekruphy.com\/en\/wp-json\/wp\/v2\/pages\/668\/revisions\/3589"}],"up":[{"embeddable":true,"href":"https:\/\/mekruphy.com\/en\/wp-json\/wp\/v2\/pages\/81"}],"wp:featuredmedia":[{"embeddable":true,"href":"https:\/\/mekruphy.com\/en\/wp-json\/wp\/v2\/media\/697"}],"wp:attachment":[{"href":"https:\/\/mekruphy.com\/en\/wp-json\/wp\/v2\/media?parent=668"}],"curies":[{"name":"wp","href":"https:\/\/api.w.org\/{rel}","templated":true}]}}